{"id":60003,"date":"2017-03-10T12:51:35","date_gmt":"2017-03-10T11:51:35","guid":{"rendered":"https:\/\/fpmdcorp.com\/sejours\/"},"modified":"2023-06-14T19:34:27","modified_gmt":"2023-06-14T17:34:27","slug":"evasione","status":"publish","type":"page","link":"https:\/\/fpmdcorp.com\/it\/evasione\/","title":{"rendered":"Evasione"},"content":{"rendered":"<div class=\"wpb-content-wrapper\"><p>[vc_row margin_top=&#8221;30&#8243; margin_bottom=&#8221;80&#8243; el_class=&#8221;text-centered&#8221;][vc_column][vc_column_text]<\/p>\n<h1>FPMD EVASIONE<\/h1>\n<h2>ALLENATI PER TRASFORMARE<\/h2>\n<p>[\/vc_column_text][vc_empty_space][vc_column_text]<blockquote class=\"text-big shortcode-blockquote\"><p>FPMD Evasione \u00e8 l&#8217;emozionante incontro di fuoco e acqua.<\/p>\n<p>Di due universi intrisi di questo potente desiderio di portare ad essere la sua espansione illimitata.<\/p>\n<p>Nasce cos\u00ec FPMD Evasione.<\/p>\n<\/blockquote>[\/vc_column_text][\/vc_column][\/vc_row][vc_row margin_top=&#8221;-50px&#8221;][vc_column][vc_row_inner gap=&#8221;10&#8243;][vc_column_inner width=&#8221;1\/2&#8243;][vc_column_text css_animation=&#8221;fadeInLeft&#8221;]FPMD Evasion \u00e8 una fuga in terre lontane, diverse dalle proprie abitudini, dove originalit\u00e0 dell&#8217;arredo fa rima con crescita e autosviluppo.<\/p>\n<p>FPMD Evasion \u00e8 soprattutto il desiderio di conciliare apprendimento, originalit\u00e0, formazione, trasformazione, scoperta ed esotismo.<\/p>\n<p>Un appuntamento per progredire, per progredire, per avanzare, per dissolvere, per disattivare impedimenti, limitazioni e ostacoli.<\/p>\n<p>Scegliere FPMD Evasion \u00e8 in realt\u00e0 rispondere s\u00ec a un appuntamento con la persona pi\u00f9 importante che ci sia: te stesso.[\/vc_column_text][\/vc_column_inner][vc_column_inner width=&#8221;1\/2&#8243;][vc_column_text css_animation=&#8221;fadeInLeft&#8221;]<q class=\"text-big shortcode-pullquote wf-cell align-right wf-1\"><p>Per questo FPMD \u00c9vasion si impegna a scegliere luoghi forti, incantevoli, intrisi di storia, leggenda e mistero per mantenere la sua promessa: quella di trasportarti in luoghi unici e mitici, un seminario in un luogo significativo.<\/p>\n<\/q><\/p>\n<p>Un luogo modellato sulle materie che verranno proposte e studiate. \u00c8 anche un altro modo per trasformare, imparare, imparare, evolvere, cambiare attraverso i tanti strumenti di crescita personale disponibili oggi, in nuovi ambienti.<\/p>\n<p>&nbsp;<\/p>\n<p>[\/vc_column_text][\/vc_column_inner][\/vc_row_inner][\/vc_column][\/vc_row][vc_row][vc_column][vc_empty_space][vc_column_text]<\/p>\n<blockquote>\n<p style=\"text-align: center;\">Comunque sia, osare partire, decidere di scappare per qualche giorno per un seminario oltre confine, \u00e8 tornare a casa mai pi\u00f9 come prima di partire.<\/p>\n<\/blockquote>\n<p>[\/vc_column_text][vc_empty_space][\/vc_column][\/vc_row][vc_row][vc_column width=&#8221;1\/2&#8243;][vc_column_text css_animation=&#8221;fadeInRight&#8221;]Questo appuntamento con se stessi \u00e8 riscoprire la nostra verit\u00e0, la libert\u00e0 interiore della nostra Luce, quella che non ci ha mai lasciato, aspettando pazientemente che ci rivolgiamo a Essa perch\u00e9 possa dispiegare il prisma del suo potenziale.<\/p>\n<q class=\"text-big shortcode-pullquote wf-cell align-right wf-1\"><p>FPMD \u00c9vasion pu\u00f2 essere questo respiro liberatorio sulle nostre difficolt\u00e0, i nostri imbarazzi, una brezza emancipatrice di rinnovamento.<\/p>\n<\/q>\n<p>Ainsi, chacun sera face \u00e0 la palette de ses \u00e9motions, de son inconscient, face \u00e0 sa complexit\u00e9 int\u00e9rieure.[\/vc_column_text][\/vc_column][vc_column width=&#8221;1\/2&#8243;][vc_column_text css_animation=&#8221;fadeInRight&#8221;]<q class=\"text-big shortcode-pullquote wf-cell align-right wf-1\"><p>FPMD Evasion pu\u00f2 essere questo respiro liberatorio sulle nostre difficolt\u00e0, sui nostri geni, una brezza emancipatrice di rinnovamento.<\/p>\n<\/q><\/p>\n<p>Solo la trasformazione, il miglioramento sono ricercati, apprezzati e preziosi, agli occhi di tutti, in un lavoro di auto-miglioramento.<\/p>\n<p><q class=\"text-big shortcode-pullquote wf-cell align-right wf-1\"><p>FPMD Evasion consiste nel conciliare individualit\u00e0, supporto, tempo di apprendimento, tempo di condivisione, tempo libero che ognuno pu\u00f2 completare con le proprie indagini e scoperte.<\/p>\n<p>Inoltre, se queste evoluzioni e trasformazioni si verificano naturalmente, allora la scommessa di FPMD Evasion sar\u00e0 vinta: quella di condurti nelle tue terre interiori per sfruttare il potenziale delle sue possibilit\u00e0.<\/p>\n<\/q>[\/vc_column_text][\/vc_column][\/vc_row][vc_row margin_top=&#8221;75&#8243;][vc_column][vc_column_text]<\/p>\n<h3 style=\"text-align: center;\">SEMINARI AD IMMERSIONE<\/h3>\n<p>[\/vc_column_text][vc_empty_space height=&#8221;50px&#8221;][\/vc_column][\/vc_row]<\/p>\n<\/div>","protected":false},"excerpt":{"rendered":"<p>[vc_row margin_top=&#8221;30&#8243; margin_bottom=&#8221;80&#8243; el_class=&#8221;text-centered&#8221;][vc_column][vc_column_text] FPMD EVASIONE ALLENATI PER TRASFORMARE [\/vc_column_text][vc_empty_space][vc_column_text][\/vc_column_text][\/vc_column][\/vc_row][vc_row margin_top=&#8221;-50px&#8221;][vc_column][vc_row_inner gap=&#8221;10&#8243;][vc_column_inner width=&#8221;1\/2&#8243;][vc_column_text css_animation=&#8221;fadeInLeft&#8221;]FPMD Evasion \u00e8 una fuga in terre lontane, diverse dalle proprie abitudini, dove originalit\u00e0 dell&#8217;arredo fa rima con crescita e autosviluppo. FPMD Evasion \u00e8 soprattutto il desiderio di conciliare apprendimento, originalit\u00e0, formazione, trasformazione, scoperta ed esotismo. Un appuntamento per progredire, per progredire,&hellip;<\/p>\n","protected":false},"author":1,"featured_media":0,"parent":0,"menu_order":0,"comment_status":"closed","ping_status":"closed","template":"","meta":{"_analytify_skip_tracking":false,"footnotes":""},"class_list":["post-60003","page","type-page","status-publish","hentry","description-off"],"aioseo_notices":[],"_links":{"self":[{"href":"https:\/\/fpmdcorp.com\/it\/wp-json\/wp\/v2\/pages\/60003","targetHints":{"allow":["GET"]}}],"collection":[{"href":"https:\/\/fpmdcorp.com\/it\/wp-json\/wp\/v2\/pages"}],"about":[{"href":"https:\/\/fpmdcorp.com\/it\/wp-json\/wp\/v2\/types\/page"}],"author":[{"embeddable":true,"href":"https:\/\/fpmdcorp.com\/it\/wp-json\/wp\/v2\/users\/1"}],"replies":[{"embeddable":true,"href":"https:\/\/fpmdcorp.com\/it\/wp-json\/wp\/v2\/comments?post=60003"}],"version-history":[{"count":5,"href":"https:\/\/fpmdcorp.com\/it\/wp-json\/wp\/v2\/pages\/60003\/revisions"}],"predecessor-version":[{"id":64231,"href":"https:\/\/fpmdcorp.com\/it\/wp-json\/wp\/v2\/pages\/60003\/revisions\/64231"}],"wp:attachment":[{"href":"https:\/\/fpmdcorp.com\/it\/wp-json\/wp\/v2\/media?parent=60003"}],"curies":[{"name":"wp","href":"https:\/\/api.w.org\/{rel}","templated":true}]}}