{"id":57378,"date":"2021-09-22T11:13:56","date_gmt":"2021-09-22T09:13:56","guid":{"rendered":"https:\/\/fpmdcorp.com\/?page_id=57378"},"modified":"2023-11-02T18:49:50","modified_gmt":"2023-11-02T17:49:50","slug":"contactar","status":"publish","type":"page","link":"https:\/\/fpmdcorp.com\/es\/contactar\/","title":{"rendered":"Contactar"},"content":{"rendered":"<div class=\"wpb-content-wrapper\"><p>[vc_row][vc_column width=\u00bb1\/2&#8243;]<div class=\"dt-fancy-separator h3-size\" style=\"width: 100%;\"><div class=\"dt-fancy-title\"><span class=\"separator-holder separator-left\"><\/span>Informaci\u00f3n de contacto<span class=\"separator-holder separator-right\"><\/span><\/div><\/div>[vc_empty_space height=\u00bb24px\u00bb][vc_row_inner][vc_column_inner width=\u00bb1\/2&#8243;][vc_column_text]<strong>Tel\u00e9fono \/ WhatsApp \/ Signal \/ Telegram<\/strong><\/p>\n<p>(+33) 640 92 07 00<\/p>\n<p>(+34) 722 12 04 24<\/p>\n<p>Mail:\u00a0<a href=\"mailto:co*****@******rp.com\" data-original-string=\"GeWw2AqLc21HfxoNJvugIA==960vwIKgk8jouXNhlQbZKZJcZzJ1E3wrbqrMv\/NhzwDe14=\" title=\"Este contacto ha sido codificado por Anti-Spam by CleanTalk. Haz clic para decodificar. Para finalizar la decodificaci\u00f3n, aseg\u00farate de que JavaScript est\u00e1 activado en tu navegador.\"><span \n                data-original-string='xNiylRtoF\/\/yTqCDaSX9CA==9604vBC951iMHT7YwJmXKWUQ64Yb72Xlk9ki5pN39965mA='\n                class='apbct-email-encoder'\n                title='Este contacto ha sido codificado por Anti-Spam by CleanTalk. Haz clic para decodificar. Para finalizar la decodificaci\u00f3n, aseg\u00farate de que JavaScript est\u00e1 activado en tu navegador.'>co<span class=\"apbct-blur\">*****<\/span>@<span class=\"apbct-blur\">******<\/span>rp.com<\/span><\/a>[\/vc_column_text][\/vc_column_inner][\/vc_row_inner][vc_empty_space height=\u00bb16px\u00bb][vc_column_text]<\/p>\n<div class=\"hr-thick\"><\/div>\n<div class=\"gap\" style=\"line-height: 16px; height: 16px;\"><\/div>\n<p><strong>Redes sociales<\/strong><\/p>\n<div class=\"soc-ico\"><a title=\"Facebook page opens in new window\" href=\"https:\/\/www.facebook.com\/Christian.Fleche.es\/\" target=\"_blank\" class=\"facebook\"><span class=\"soc-font-icon\"><\/span><span class=\"screen-reader-text\">Facebook page opens in new window<\/span><\/a><a title=\"YouTube page opens in new window\" href=\"https:\/\/www.youtube.com\/channel\/UCxYdvX2wjXATmoEZlW9IVow\" target=\"_blank\" class=\"you-tube\"><span class=\"soc-font-icon\"><\/span><span class=\"screen-reader-text\">YouTube page opens in new window<\/span><\/a><\/div>[\/vc_column_text][\/vc_column][vc_column width=\u00bb1\/2&#8243;]<div class=\"dt-fancy-separator h3-size\" style=\"width: 100%;\"><div class=\"dt-fancy-title\"><span class=\"separator-holder separator-left\"><\/span>Escribenos<span class=\"separator-holder separator-right\"><\/span><\/div><\/div>[vc_empty_space height=\u00bb24px\u00bb]\n<div class=\"wpcf7 no-js\" id=\"wpcf7-f62025-o1\" lang=\"fr-FR\" dir=\"ltr\" data-wpcf7-id=\"62025\">\n<div class=\"screen-reader-response\"><p role=\"status\" aria-live=\"polite\" aria-atomic=\"true\"><\/p> <ul><\/ul><\/div>\n<form action=\"\/es\/wp-json\/wp\/v2\/pages\/57378#wpcf7-f62025-o1\" method=\"post\" class=\"wpcf7-form init\" aria-label=\"Formulaire de contact\" novalidate=\"novalidate\" data-status=\"init\">\n<fieldset class=\"hidden-fields-container\"><input type=\"hidden\" name=\"_wpcf7\" value=\"62025\" \/><input type=\"hidden\" name=\"_wpcf7_version\" value=\"6.1.4\" \/><input type=\"hidden\" name=\"_wpcf7_locale\" value=\"fr_FR\" \/><input type=\"hidden\" name=\"_wpcf7_unit_tag\" value=\"wpcf7-f62025-o1\" \/><input type=\"hidden\" name=\"_wpcf7_container_post\" value=\"0\" \/><input type=\"hidden\" name=\"_wpcf7_posted_data_hash\" value=\"\" \/><input type=\"hidden\" name=\"_wpcf7dtx_version\" value=\"5.0.3\" \/><input type=\"hidden\" name=\"_wpcf7_recaptcha_response\" value=\"\" \/>\n<\/fieldset>\n<p><span class=\"wpcf7-form-control-wrap\" data-name=\"your-name\"><input size=\"40\" maxlength=\"400\" class=\"wpcf7-form-control wpcf7-text wpcf7-validates-as-required\" aria-required=\"true\" aria-invalid=\"false\" placeholder=\"Nombre *\" value=\"\" type=\"text\" name=\"your-name\" \/><\/span>\n<\/p>\n<p><span id=\"wpcf7-69f353e9697f0-wrapper\" class=\"wpcf7-form-control-wrap your-firstname-wrap\" style=\"display:none !important; visibility:hidden !important;\"><label for=\"wpcf7-69f353e9697f0-field\" class=\"hp-message\">Veuillez laisser ce champ vide.<\/label><input id=\"wpcf7-69f353e9697f0-field\"  class=\"wpcf7-form-control wpcf7-text\" type=\"text\" name=\"your-firstname\" value=\"\" size=\"40\" tabindex=\"-1\" autocomplete=\"new-password\" \/><\/span>\n<\/p>\n<p><span class=\"wpcf7-form-control-wrap\" data-name=\"your-email\"><input size=\"40\" maxlength=\"400\" class=\"wpcf7-form-control wpcf7-email wpcf7-validates-as-required wpcf7-text wpcf7-validates-as-email\" aria-required=\"true\" aria-invalid=\"false\" placeholder=\"Email *\" value=\"\" type=\"email\" name=\"your-email\" \/><\/span>\n<\/p>\n<p><span id=\"wpcf7-69f353e969884-wrapper\" class=\"wpcf7-form-control-wrap your-address-wrap\" style=\"display:none !important; visibility:hidden !important;\"><label for=\"wpcf7-69f353e969884-field\" class=\"hp-message\">Veuillez laisser ce champ vide.<\/label><input id=\"wpcf7-69f353e969884-field\"  class=\"wpcf7-form-control wpcf7-text\" type=\"text\" name=\"your-address\" value=\"\" size=\"40\" tabindex=\"-1\" autocomplete=\"new-password\" \/><\/span>\n<\/p>\n<p><span class=\"wpcf7-form-control-wrap\" data-name=\"your-phone\"><input size=\"40\" maxlength=\"400\" class=\"wpcf7-form-control wpcf7-text\" aria-invalid=\"false\" placeholder=\"Tel\u00e9fono\" value=\"\" type=\"text\" name=\"your-phone\" \/><\/span>\n<\/p>\n<p><span id=\"wpcf7-69f353e9698ec-wrapper\" class=\"wpcf7-form-control-wrap your-website-wrap\" style=\"display:none !important; visibility:hidden !important;\"><label for=\"wpcf7-69f353e9698ec-field\" class=\"hp-message\">Veuillez laisser ce champ vide.<\/label><input id=\"wpcf7-69f353e9698ec-field\"  class=\"wpcf7-form-control wpcf7-text\" type=\"text\" name=\"your-website\" value=\"\" size=\"40\" tabindex=\"-1\" autocomplete=\"new-password\" \/><\/span>\n<\/p>\n<p><span class=\"wpcf7-form-control-wrap\" data-name=\"your-message\"><textarea cols=\"40\" rows=\"9\" maxlength=\"2000\" class=\"wpcf7-form-control wpcf7-textarea wpcf7-validates-as-required\" aria-required=\"true\" aria-invalid=\"false\" placeholder=\"Mensaje *\" name=\"your-message\"><\/textarea><\/span>\n<\/p>\n<p><input class=\"wpcf7-form-control wpcf7-submit has-spinner\" type=\"submit\" value=\"Enviar\" \/>\n<\/p><input type=\"hidden\" id=\"ct_checkjs_cf7_9778d5d219c5080b9a6a17bef029331c\" name=\"ct_checkjs_cf7\" value=\"0\" \/><script >setTimeout(function(){var ct_input_name = \"ct_checkjs_cf7_9778d5d219c5080b9a6a17bef029331c\";if (document.getElementById(ct_input_name) !== null) {var ct_input_value = document.getElementById(ct_input_name).value;document.getElementById(ct_input_name).value = document.getElementById(ct_input_name).value.replace(ct_input_value, '27868268e1dff061ab9a2aaf99f7951b61c146fcbb6517aa864a7b66efa80272');}}, 1000);<\/script><input\n                    class=\"apbct_special_field apbct_email_id__wp_contact_form_7\"\n                    name=\"apbct__email_id__wp_contact_form_7\"\n                    aria-label=\"apbct__label_id__wp_contact_form_7\"\n                    type=\"text\" size=\"30\" maxlength=\"200\" autocomplete=\"off\"\n                    value=\"\"\n                \/><div class=\"wpcf7-response-output\" aria-hidden=\"true\"><\/div>\n<\/form>\n<\/div>\n[\/vc_column][\/vc_row]<\/p>\n<\/div>","protected":false},"excerpt":{"rendered":"<p>[vc_row][vc_column width=\u00bb1\/2&#8243;][vc_empty_space height=\u00bb24px\u00bb][vc_row_inner][vc_column_inner width=\u00bb1\/2&#8243;][vc_column_text]Tel\u00e9fono \/ WhatsApp \/ Signal \/ Telegram (+33) 640 92 07 00 (+34) 722 12 04 24 Mail:\u00a0co*****@******rp.com[\/vc_column_text][\/vc_column_inner][\/vc_row_inner][vc_empty_space height=\u00bb16px\u00bb][vc_column_text] Redes sociales [\/vc_column_text][\/vc_column][vc_column width=\u00bb1\/2&#8243;][vc_empty_space height=\u00bb24px\u00bb][\/vc_column][\/vc_row]<\/p>\n","protected":false},"author":1,"featured_media":0,"parent":0,"menu_order":0,"comment_status":"closed","ping_status":"closed","template":"","meta":{"_analytify_skip_tracking":false,"footnotes":""},"class_list":["post-57378","page","type-page","status-publish","hentry","description-off"],"aioseo_notices":[],"_links":{"self":[{"href":"https:\/\/fpmdcorp.com\/es\/wp-json\/wp\/v2\/pages\/57378","targetHints":{"allow":["GET"]}}],"collection":[{"href":"https:\/\/fpmdcorp.com\/es\/wp-json\/wp\/v2\/pages"}],"about":[{"href":"https:\/\/fpmdcorp.com\/es\/wp-json\/wp\/v2\/types\/page"}],"author":[{"embeddable":true,"href":"https:\/\/fpmdcorp.com\/es\/wp-json\/wp\/v2\/users\/1"}],"replies":[{"embeddable":true,"href":"https:\/\/fpmdcorp.com\/es\/wp-json\/wp\/v2\/comments?post=57378"}],"version-history":[{"count":5,"href":"https:\/\/fpmdcorp.com\/es\/wp-json\/wp\/v2\/pages\/57378\/revisions"}],"predecessor-version":[{"id":66669,"href":"https:\/\/fpmdcorp.com\/es\/wp-json\/wp\/v2\/pages\/57378\/revisions\/66669"}],"wp:attachment":[{"href":"https:\/\/fpmdcorp.com\/es\/wp-json\/wp\/v2\/media?parent=57378"}],"curies":[{"name":"wp","href":"https:\/\/api.w.org\/{rel}","templated":true}]}}