{"id":56900,"date":"2016-05-19T16:41:17","date_gmt":"2016-05-19T14:41:17","guid":{"rendered":"https:\/\/fpmdcorp.com\/informations-legales\/"},"modified":"2025-06-17T13:02:42","modified_gmt":"2025-06-17T11:02:42","slug":"informacion-legal","status":"publish","type":"page","link":"https:\/\/fpmdcorp.com\/es\/informacion-legal\/","title":{"rendered":"Informaci\u00f3n legal"},"content":{"rendered":"<div class=\"wpb-content-wrapper\"><p>[vc_row][vc_column][vc_column_text css=\u00bb\u00bb]<div class=\"gap\" style=\"line-height: 20px; height: 20px;\"><\/div>\n<div class=\"hr-thick\"><\/div>\n<div class=\"gap\" style=\"line-height: 30px; height: 30px;\"><\/div>\n<p><strong><img loading=\"lazy\" decoding=\"async\" class=\"size-medium wp-image-59138 alignleft\" title=\"madrid-espagnol\" src=\"https:\/\/fpmdcorp.com\/wp-content\/uploads\/2022\/02\/madrid-espagnol-300x169.jpg\" alt=\"madrid-espagnol\" width=\"300\" height=\"169\" srcset=\"https:\/\/fpmdcorp.com\/wp-content\/uploads\/2022\/02\/madrid-espagnol-300x169.jpg 300w, https:\/\/fpmdcorp.com\/wp-content\/uploads\/2022\/02\/madrid-espagnol-383x215.jpg 383w, https:\/\/fpmdcorp.com\/wp-content\/uploads\/2022\/02\/madrid-espagnol-200x113.jpg 200w, https:\/\/fpmdcorp.com\/wp-content\/uploads\/2022\/02\/madrid-espagnol-1024x576.jpg 1024w, https:\/\/fpmdcorp.com\/wp-content\/uploads\/2022\/02\/madrid-espagnol-768x432.jpg 768w, https:\/\/fpmdcorp.com\/wp-content\/uploads\/2022\/02\/madrid-espagnol-1536x864.jpg 1536w, https:\/\/fpmdcorp.com\/wp-content\/uploads\/2022\/02\/madrid-espagnol.jpg 1920w\" sizes=\"auto, (max-width: 300px) 100vw, 300px\" \/>FPMD<br \/>\n<\/strong><\/p>\n<p><strong>Tel\u00e9fono \/ WhatsApp \/ Signal \/ Telegram<\/strong><\/p>\n<p>(+33) 640 92 07 00<\/p>\n<p>(+34) 722 12 04 24<\/p>\n<p><a href=\"mailto:co*****@******rp.com\" data-original-string=\"anVxow4Ry4s5sFdDwQ\/\/3g==960ASOHtyZU0uYFjqkU65n9JFWHr8JxXMqqk6DNLpXWeyA=\" title=\"Este contacto ha sido codificado por Anti-Spam by CleanTalk. Haz clic para decodificar. Para finalizar la decodificaci\u00f3n, aseg\u00farate de que JavaScript est\u00e1 activado en tu navegador.\"><span \n                data-original-string='G6so1wPzo8NeMk2T0LQ6JA==960wUA6zQjriSEFD\/eoxDRSECL\/0CMle1V56St58lhX9JQ='\n                class='apbct-email-encoder'\n                title='Este contacto ha sido codificado por Anti-Spam by CleanTalk. Haz clic para decodificar. Para finalizar la decodificaci\u00f3n, aseg\u00farate de que JavaScript est\u00e1 activado en tu navegador.'>co<span class=\"apbct-blur\">*****<\/span>@<span class=\"apbct-blur\">******<\/span>rp.com<\/span><\/a><\/p>\n<p><strong>S\u00edguenos en las redes sociales<\/strong><\/p>\n<div class=\"gap\" style=\"line-height: 24px; height: 24px;\"><\/div>[\/vc_column_text][vc_empty_space height=\u00bb16px\u00bb][vc_column_text]<div class=\"gap\" style=\"line-height: 20px; height: 20px;\"><\/div>\n<div class=\"hr-thick\"><\/div>\n<div class=\"gap\" style=\"line-height: 30px; height: 30px;\"><\/div>\n<p><strong>Pol\u00edticas de privacidad<\/strong><\/p>\n<p>Implementamos el marco regulatorio europeo GDPR para proteger y dejarle el control de los datos que nos conf\u00eda. Las solicitudes de informaci\u00f3n no son sin\u00f3nimo de suscripci\u00f3n al bolet\u00edn, los datos de registro solo se comunican a las personas acompa\u00f1antes en el contexto de los eventos. En general, puede visitar nuestro sitio en Internet sin tener que revelar su identidad y proporcionar informaci\u00f3n personal sobre usted. Sin embargo, a veces podemos pedirle informaci\u00f3n. Por ejemplo, para procesar un pedido, establecer correspondencia o simplemente suscribirse a nuestros boletines. Podemos complementar esta informaci\u00f3n para completar una transacci\u00f3n o brindar un mejor servicio.<\/p>\n<p>De conformidad con la Ley de Protecci\u00f3n de Datos, tiene derecho a acceder, modificar, rectificar y eliminar los datos que le conciernen poni\u00e9ndose en contacto con <a href=\"mailto:co*****@******rp.com\" data-original-string=\"wQNAgpff9rEgUvqbXQvAWw==960Yciz4DeFLJqvu6jyyh+0mUEEH1tKAGPE3GGePSbff7M=\" title=\"Este contacto ha sido codificado por Anti-Spam by CleanTalk. Haz clic para decodificar. Para finalizar la decodificaci\u00f3n, aseg\u00farate de que JavaScript est\u00e1 activado en tu navegador.\"><span \n                data-original-string='H9iFq9eqoOpEHcuoOA0hFg==960G6NnsRLVt\/Wt0rzruwpycUFD3Fpo0ZR99GIIEX9\/Dx8='\n                class='apbct-email-encoder'\n                title='Este contacto ha sido codificado por Anti-Spam by CleanTalk. Haz clic para decodificar. Para finalizar la decodificaci\u00f3n, aseg\u00farate de que JavaScript est\u00e1 activado en tu navegador.'>co<span class=\"apbct-blur\">*****<\/span>@<span class=\"apbct-blur\">******<\/span>rp.com<\/span><\/a><\/p>\n<div class=\"gap\" style=\"line-height: 24px; height: 24px;\"><\/div>[\/vc_column_text][vc_empty_space height=\u00bb16px\u00bb][vc_column_text]<\/p>\n<p>[\/vc_column_text][\/vc_column][\/vc_row]<\/p>\n<\/div>","protected":false},"excerpt":{"rendered":"<p>[vc_row][vc_column][vc_column_text css=\u00bb\u00bb] FPMD Tel\u00e9fono \/ WhatsApp \/ Signal \/ Telegram (+33) 640 92 07 00 (+34) 722 12 04 24 co*****@******rp.com S\u00edguenos en las redes sociales [\/vc_column_text][vc_empty_space height=\u00bb16px\u00bb][vc_column_text] Pol\u00edticas de privacidad Implementamos el marco regulatorio europeo GDPR para proteger y dejarle el control de los datos que nos conf\u00eda. Las solicitudes de informaci\u00f3n no son&hellip;<\/p>\n","protected":false},"author":1,"featured_media":0,"parent":0,"menu_order":0,"comment_status":"closed","ping_status":"closed","template":"","meta":{"_analytify_skip_tracking":false,"footnotes":""},"class_list":["post-56900","page","type-page","status-publish","hentry","description-off"],"aioseo_notices":[],"_links":{"self":[{"href":"https:\/\/fpmdcorp.com\/es\/wp-json\/wp\/v2\/pages\/56900","targetHints":{"allow":["GET"]}}],"collection":[{"href":"https:\/\/fpmdcorp.com\/es\/wp-json\/wp\/v2\/pages"}],"about":[{"href":"https:\/\/fpmdcorp.com\/es\/wp-json\/wp\/v2\/types\/page"}],"author":[{"embeddable":true,"href":"https:\/\/fpmdcorp.com\/es\/wp-json\/wp\/v2\/users\/1"}],"replies":[{"embeddable":true,"href":"https:\/\/fpmdcorp.com\/es\/wp-json\/wp\/v2\/comments?post=56900"}],"version-history":[{"count":5,"href":"https:\/\/fpmdcorp.com\/es\/wp-json\/wp\/v2\/pages\/56900\/revisions"}],"predecessor-version":[{"id":73358,"href":"https:\/\/fpmdcorp.com\/es\/wp-json\/wp\/v2\/pages\/56900\/revisions\/73358"}],"wp:attachment":[{"href":"https:\/\/fpmdcorp.com\/es\/wp-json\/wp\/v2\/media?parent=56900"}],"curies":[{"name":"wp","href":"https:\/\/api.w.org\/{rel}","templated":true}]}}