{"id":43882,"date":"2019-04-01T20:01:11","date_gmt":"2019-04-01T18:01:11","guid":{"rendered":"https:\/\/fpmdcorp.com\/?page_id=43882"},"modified":"2023-06-14T19:34:11","modified_gmt":"2023-06-14T17:34:11","slug":"escapadas","status":"publish","type":"page","link":"https:\/\/fpmdcorp.com\/es\/escapadas\/","title":{"rendered":"Escapadas"},"content":{"rendered":"<div class=\"wpb-content-wrapper\"><p>[vc_row margin_top=\u00bb30&#8243; margin_bottom=\u00bb80&#8243; el_class=\u00bbtext-centered\u00bb][vc_column][vc_column_text]<\/p>\n<h2>FORMESSENCE EVASION<\/h2>\n<h3>FORMARSE PARA TRANSFORMARSE<\/h3>\n<p>[\/vc_column_text][vc_empty_space][\/vc_column][\/vc_row][vc_row margin_top=\u00bb-50px\u00bb][vc_column][vc_row_inner gap=\u00bb10&#8243;][vc_column_inner width=\u00bb1\/2&#8243;][vc_column_text css_animation=\u00bbfadeInLeft\u00bb]FPMD Escapadas se trata de escapar a tierras lejanas, diferentes a tus h\u00e1bitos, donde la originalidad de la decoraci\u00f3n rima con el crecimiento y el desarrollo personal.<\/p>\n<p>FPMD Escapadas es ante todo el deseo de conciliar aprendizaje, originalidad, formaci\u00f3n, transformaci\u00f3n, descubrimiento y exotismo.<\/p>\n<p>Una cita para progresar, progresar, avanzar, disolver, desactivar trabas, limitaciones y obst\u00e1culos.<\/p>\n<p>Elegir FPMD Escapadas es en realidad responder afirmativamente a una cita con la persona m\u00e1s importante que existe: usted mismo.[\/vc_column_text][\/vc_column_inner][vc_column_inner width=\u00bb1\/2&#8243;][vc_column_text css_animation=\u00bbfadeInLeft\u00bb]<q class=\"text-big shortcode-pullquote wf-cell align-right wf-1\"><p> Es por eso que FPMD Escapadas se compromete a elegir lugares fuertes, encantadores, llenos de historia, leyenda y misterio para cumplir su promesa: la de transportarte a lugares \u00fanicos, m\u00edticos, un seminario en un lugar fuerte de significado.[ \/dt_quote]<\/p>\n<p>Un lugar modelado a partir de los temas que ser\u00e1n propuestos y estudiados. Tambi\u00e9n es otra forma de transformarse, de aprender, de aprender, de evolucionar, de cambiar a trav\u00e9s de las muchas herramientas de crecimiento personal disponibles hoy en d\u00eda, en nuevos entornos.[\/vc_column_text][\/vc_column_inner][\/vc_row_inner][\/vc_column][\/vc_row][vc_row][vc_column][vc_empty_space][vc_column_text]<\/p>\n<blockquote>\n<p style=\"text-align: center;\">De todos modos, atr\u00e9vase a marcharse, decida escaparse por unos d\u00edas de seminario m\u00e1s all\u00e1 de las fronteras, y regresar a casa ya sin nunca m\u00e1s ser el mismo que antes.<\/p>\n<\/blockquote>\n<p>[\/vc_column_text][vc_empty_space][\/vc_column][\/vc_row][vc_row][vc_column width=\u00bb1\/2&#8243;][vc_column_text css_animation=\u00bbfadeInRight\u00bb]Esta cita con uno mismo es para redescubrir nuestra verdad, la libertad interior de nuestra Luz, la que nunca nos ha dejado, esperando pacientemente que nos volvamos hacia Ella para que despliegue el prisma de su potencial.<\/p>\n<p><q class=\"text-big shortcode-pullquote wf-cell align-right wf-1\"><\/q>FPMD Escapadas puede ser ese soplo liberador sobre nuestras dificultades, nuestros malestares, una brisa emancipadora de renovaci\u00f3n. [\/ dt_cita][\/vc_column_text][\/vc_column][vc_column width=\u00bb1\/2&#8243;][vc_column_text css_animation=\u00bbfadeInRight\u00bb]<q class=\"text-big shortcode-pullquote wf-cell align-right wf-1\"><\/q>FPMD Escapadas puede ser ese soplo liberador sobre nuestras dificultades, nuestros malestares, una brisa emancipadora de renovaci\u00f3n. [\/ dt_cita]<\/p>\n<p>S\u00f3lo se busca la transformaci\u00f3n, la mejora, apreciada y valios\u00edsima, a los ojos de todos, en un trabajo de superaci\u00f3n personal.<\/p>\n<p><q class=\"text-big shortcode-pullquote wf-cell align-right wf-1\"><\/q>FPMD Escapadas se trata de reconciliar la individualidad, el apoyo, los tiempos de aprendizaje, los tiempos para compartir, el tiempo libre con el que todos pueden completar sus propias investigaciones y descubrimientos.<\/p>\n<p>Adem\u00e1s, si estas evoluciones y transformaciones se dan de forma natural entonces se ganar\u00e1 la apuesta de FPMD Escapadas: la de conducirte a tus propias tierras interiores para explotar el potencial de sus posibilidades.<\/p>\n<\/q>[\/vc_column_text][\/vc_column][\/vc_row][vc_row margin_top=\u00bb75&#8243;][vc_column][vc_column_text]<\/p>\n<p>&nbsp;<\/p>\n<p style=\"text-align: center;\"><strong>LOS SEMINARIOS<\/strong><\/p>\n<p>[\/vc_column_text][vc_empty_space height=\u00bb50px\u00bb][\/vc_column][\/vc_row]<\/p>\n<\/div>","protected":false},"excerpt":{"rendered":"<p>[vc_row margin_top=\u00bb30&#8243; margin_bottom=\u00bb80&#8243; el_class=\u00bbtext-centered\u00bb][vc_column][vc_column_text] FORMESSENCE EVASION FORMARSE PARA TRANSFORMARSE [\/vc_column_text][vc_empty_space][\/vc_column][\/vc_row][vc_row margin_top=\u00bb-50px\u00bb][vc_column][vc_row_inner gap=\u00bb10&#8243;][vc_column_inner width=\u00bb1\/2&#8243;][vc_column_text css_animation=\u00bbfadeInLeft\u00bb]FPMD Escapadas se trata de escapar a tierras lejanas, diferentes a tus h\u00e1bitos, donde la originalidad de la decoraci\u00f3n rima con el crecimiento y el desarrollo personal. FPMD Escapadas es ante todo el deseo de conciliar aprendizaje, originalidad, formaci\u00f3n, transformaci\u00f3n, descubrimiento y&hellip;<\/p>\n","protected":false},"author":1,"featured_media":0,"parent":0,"menu_order":0,"comment_status":"closed","ping_status":"closed","template":"","meta":{"_analytify_skip_tracking":false,"footnotes":""},"class_list":["post-43882","page","type-page","status-publish","hentry","description-off"],"aioseo_notices":[],"_links":{"self":[{"href":"https:\/\/fpmdcorp.com\/es\/wp-json\/wp\/v2\/pages\/43882","targetHints":{"allow":["GET"]}}],"collection":[{"href":"https:\/\/fpmdcorp.com\/es\/wp-json\/wp\/v2\/pages"}],"about":[{"href":"https:\/\/fpmdcorp.com\/es\/wp-json\/wp\/v2\/types\/page"}],"author":[{"embeddable":true,"href":"https:\/\/fpmdcorp.com\/es\/wp-json\/wp\/v2\/users\/1"}],"replies":[{"embeddable":true,"href":"https:\/\/fpmdcorp.com\/es\/wp-json\/wp\/v2\/comments?post=43882"}],"version-history":[{"count":6,"href":"https:\/\/fpmdcorp.com\/es\/wp-json\/wp\/v2\/pages\/43882\/revisions"}],"predecessor-version":[{"id":62752,"href":"https:\/\/fpmdcorp.com\/es\/wp-json\/wp\/v2\/pages\/43882\/revisions\/62752"}],"wp:attachment":[{"href":"https:\/\/fpmdcorp.com\/es\/wp-json\/wp\/v2\/media?parent=43882"}],"curies":[{"name":"wp","href":"https:\/\/api.w.org\/{rel}","templated":true}]}}